{"id":245,"date":"2025-11-02T20:32:00","date_gmt":"2025-11-02T20:32:00","guid":{"rendered":"http:\/\/drdemblon.com\/index.php\/front_page\/"},"modified":"2026-01-18T07:44:37","modified_gmt":"2026-01-18T07:44:37","slug":"accueil","status":"publish","type":"page","link":"https:\/\/drdemblon.com\/","title":{"rendered":"Accueil"},"content":{"rendered":"<div id=\"pl-gb245-69e0fd57077d0\"  class=\"panel-layout\" ><div id=\"pg-gb245-69e0fd57077d0-0\"  class=\"panel-grid panel-has-style\" ><div class=\"siteorigin-panels-stretch panel-row-style panel-row-style-for-gb245-69e0fd57077d0-0\" data-stretch-type=\"full-width-stretch\" ><div id=\"pgc-gb245-69e0fd57077d0-0-0\"  class=\"panel-grid-cell\" ><div id=\"panel-gb245-69e0fd57077d0-0-0-0\" class=\"so-panel widget widget_sow-hero panel-first-child panel-last-child\" data-index=\"0\" ><div\n\t\t\t\n\t\t\tclass=\"so-widget-sow-hero so-widget-sow-hero-default-b28d2b2343ac-245 so-widget-fittext-wrapper\"\n\t\t\t data-fit-text-compressor=\"0.85\"\n\t\t>\t\t\t\t<div class=\"sow-slider-base\" style=\"display: none\" tabindex=\"0\">\n\t\t\t\t\t<ul\n\t\t\t\t\tclass=\"sow-slider-images\"\n\t\t\t\t\tdata-settings=\"{&quot;pagination&quot;:true,&quot;speed&quot;:800,&quot;timeout&quot;:8000,&quot;paused&quot;:false,&quot;pause_on_hover&quot;:false,&quot;swipe&quot;:true,&quot;nav_always_show_desktop&quot;:&quot;&quot;,&quot;nav_always_show_mobile&quot;:&quot;&quot;,&quot;breakpoint&quot;:&quot;780px&quot;,&quot;unmute&quot;:false,&quot;anchor&quot;:null}\"\n\t\t\t\t\tstyle=\"min-height: 535px\"\t\t\t\t\tdata-anchor-id=\"\"\n\t\t\t\t>\t\t<li class=\"sow-slider-image  sow-slider-image-cover\" style=\"visibility: visible;;background-color: #333333\" >\n\t\t\t\t\t<div class=\"sow-slider-image-container\">\n\t\t\t<div class=\"sow-slider-image-wrapper\">\n\t\t\t\t<h2><em>Bonjour, comment allez-vous vraiment aujourd\u2019hui ?<\/em><\/h2>\t\t\t<\/div>\n\t\t<\/div>\n\t\t<div class=\"sow-slider-image-overlay sow-slider-image-cover\" style=\"opacity: 0.4;background-image: url(https:\/\/drdemblon.com\/wp-content\/uploads\/2025\/11\/WhatsApp-Image-2025-11-18-a-20.01.05_4b272d0a.jpg)\"  ><\/div>\t\t<\/li>\n\t\t<\/ul>\t\t\t\t<ol class=\"sow-slider-pagination\">\n\t\t\t\t\t\t\t\t\t\t\t<li><a href=\"#\" data-goto=\"0\" aria-label=\"Display slide 1\"><\/a><\/li>\n\t\t\t\t\t\t\t\t\t<\/ol>\n\n\t\t\t\t<div class=\"sow-slide-nav sow-slide-nav-next\">\n\t\t\t\t\t<a href=\"#\" data-goto=\"next\" aria-label=\"Next slide\" data-action=\"next\">\n\t\t\t\t\t\t<em class=\"sow-sld-icon-thin-right\"><\/em>\n\t\t\t\t\t<\/a>\n\t\t\t\t<\/div>\n\n\t\t\t\t<div class=\"sow-slide-nav sow-slide-nav-prev\">\n\t\t\t\t\t<a href=\"#\" data-goto=\"previous\" aria-label=\"Previous slide\" data-action=\"prev\">\n\t\t\t\t\t\t<em class=\"sow-sld-icon-thin-left\"><\/em>\n\t\t\t\t\t<\/a>\n\t\t\t\t<\/div>\n\t\t\t\t<\/div><\/div><\/div><\/div><\/div><\/div><div id=\"pg-gb245-69e0fd57077d0-1\"  class=\"panel-grid panel-has-style\" ><div class=\"siteorigin-panels-stretch panel-row-style panel-row-style-for-gb245-69e0fd57077d0-1\" data-stretch-type=\"full\" ><div id=\"pgc-gb245-69e0fd57077d0-1-0\"  class=\"panel-grid-cell panel-grid-cell-empty\" ><\/div><div id=\"pgc-gb245-69e0fd57077d0-1-1\"  class=\"panel-grid-cell\" ><div id=\"panel-gb245-69e0fd57077d0-1-1-0\" class=\"so-panel widget widget_sow-editor panel-first-child panel-last-child\" data-index=\"1\" ><div\n\t\t\t\n\t\t\tclass=\"so-widget-sow-editor so-widget-sow-editor-base\"\n\t\t\t\n\t\t>\n<div class=\"siteorigin-widget-tinymce textwidget\">\n\t<h4>Dr Julie Demblon<\/h4>\n<p>Je suis <strong>psychologue clinicienne<\/strong> et <strong>docteur en sciences psychologiques<\/strong>. Avec \u00e9coute et empathie, je vous re\u00e7ois en consultation \u00e0 mon cabinet de Louveign\u00e9 situ\u00e9 au <a href=\"https:\/\/www.centreapsyl.com\/\">Centre Apsyl<\/a>. Nous travaillerons ensemble \u00e0 diminuer votre souffrance v\u00e9cue, \u00e0 faire face aux difficult\u00e9s et \u00e0 am\u00e9liorer votre bien-\u00eatre au quotidien.<\/p>\n<\/div>\n<\/div><\/div><\/div><div id=\"pgc-gb245-69e0fd57077d0-1-2\"  class=\"panel-grid-cell panel-grid-cell-mobile-last\" ><div id=\"panel-gb245-69e0fd57077d0-1-2-0\" class=\"so-panel widget widget_sow-editor panel-first-child panel-last-child\" data-index=\"2\" ><div\n\t\t\t\n\t\t\tclass=\"so-widget-sow-editor so-widget-sow-editor-base\"\n\t\t\t\n\t\t>\n<div class=\"siteorigin-widget-tinymce textwidget\">\n\t<h4>Psychologue Clinicienne<\/h4>\n<p>Mes m\u00e9thodes d\u2019actions issues de l\u2019approche cognitive et comportementale s\u2019adressent aux personnes aux prises avec divers difficult\u00e9s psychologiques (d\u00e9pression, troubles anxieux, TOC, deuil, burn-out\u2026) ainsi qu\u2019aux personnes d\u00e9sirant renforcer certaines de leurs habilet\u00e9s (r\u00e9solution de probl\u00e8mes, affirmation de soi, communication, gestion du stress\u2026). Par notre collaboration, vous pourrez obtenir des cl\u00e9s et outils pour g\u00e9rer vos difficult\u00e9s et gagner en qualit\u00e9 de vie.<\/p>\n<\/div>\n<\/div><\/div><\/div><div id=\"pgc-gb245-69e0fd57077d0-1-3\"  class=\"panel-grid-cell panel-grid-cell-empty\" ><\/div><\/div><\/div><div id=\"pg-gb245-69e0fd57077d0-2\"  class=\"panel-grid panel-has-style\" ><div class=\"siteorigin-panels-stretch panel-row-style panel-row-style-for-gb245-69e0fd57077d0-2\" data-stretch-type=\"full\" ><div id=\"pgc-gb245-69e0fd57077d0-2-0\"  class=\"panel-grid-cell\" ><div id=\"panel-gb245-69e0fd57077d0-2-0-0\" class=\"so-panel widget widget_text panel-first-child\" data-index=\"3\" >\t\t\t<div class=\"textwidget\"><h2 id=\"contact\">Prendre un rendez-vous<\/h2>\n<p>Pour prendre rendez-vous, veuillez compl\u00e9ter le formulaire.<br \/>\nJe vous recontacterai dans les plus brefs d\u00e9lais.<\/p>\n<\/div>\n\t\t<\/div><div id=\"panel-gb245-69e0fd57077d0-2-0-1\" class=\"so-panel widget widget_media_image panel-last-child\" data-index=\"4\" ><img loading=\"lazy\" decoding=\"async\" width=\"425\" height=\"239\" src=\"https:\/\/drdemblon.com\/wp-content\/uploads\/2025\/11\/illu03.png\" class=\"image wp-image-632  attachment-425x239 size-425x239\" alt=\"\" style=\"max-width: 100%; height: auto;\" srcset=\"https:\/\/drdemblon.com\/wp-content\/uploads\/2025\/11\/illu03.png 768w, https:\/\/drdemblon.com\/wp-content\/uploads\/2025\/11\/illu03-300x169.png 300w\" sizes=\"auto, (max-width: 425px) 100vw, 425px\" \/><\/div><\/div><div id=\"pgc-gb245-69e0fd57077d0-2-1\"  class=\"panel-grid-cell\" ><div id=\"panel-gb245-69e0fd57077d0-2-1-0\" class=\"so-panel widget widget_wpforms-widget wpforms-widget panel-first-child panel-last-child\" data-index=\"5\" ><h3 class=\"widget-title\">Formulaire<\/h3><div class=\"wpforms-container wpforms-container-full wpforms-render-modern\" id=\"wpforms-433\"><form id=\"wpforms-form-433\" class=\"wpforms-validate wpforms-form wpforms-ajax-form\" data-formid=\"433\" method=\"post\" enctype=\"multipart\/form-data\" action=\"\/index.php\/wp-json\/wp\/v2\/pages\/245\" data-token=\"e0d7623b6a930fffc2d0877cba75252b\" data-token-time=\"1776352599\"><noscript class=\"wpforms-error-noscript\">Please enable JavaScript in your browser to complete this form.<\/noscript><div id=\"wpforms-error-noscript\" style=\"display: none;\">Please enable JavaScript in your browser to complete this form.<\/div><div class=\"wpforms-field-container\"><div id=\"wpforms-433-field_1-container\" class=\"wpforms-field wpforms-field-name\" data-field-id=\"1\"><fieldset><legend class=\"wpforms-field-label\">Pr\u00e9nom \/ Nom <span class=\"wpforms-required-label\" aria-hidden=\"true\">*<\/span><\/legend><div class=\"wpforms-field-row wpforms-field-medium\"><div class=\"wpforms-field-row-block wpforms-first wpforms-one-half\"><input type=\"text\" id=\"wpforms-433-field_1\" class=\"wpforms-field-name-first wpforms-field-required\" name=\"wpforms[fields][1][first]\" aria-errormessage=\"wpforms-433-field_1-error\" required><label for=\"wpforms-433-field_1\" class=\"wpforms-field-sublabel after wpforms-sublabel-hide\">First<\/label><\/div><div class=\"wpforms-field-row-block wpforms-one-half\"><input type=\"text\" id=\"wpforms-433-field_1-last\" class=\"wpforms-field-name-last wpforms-field-required\" name=\"wpforms[fields][1][last]\" aria-errormessage=\"wpforms-433-field_1-last-error\" required><label for=\"wpforms-433-field_1-last\" class=\"wpforms-field-sublabel after wpforms-sublabel-hide\">Last<\/label><\/div><\/div><\/fieldset><\/div><div id=\"wpforms-433-field_2-container\" class=\"wpforms-field wpforms-field-email\" data-field-id=\"2\"><label class=\"wpforms-field-label\" for=\"wpforms-433-field_2\">Email <span class=\"wpforms-required-label\" aria-hidden=\"true\">*<\/span><\/label><input type=\"email\" id=\"wpforms-433-field_2\" class=\"wpforms-field-medium wpforms-field-required\" name=\"wpforms[fields][2]\" spellcheck=\"false\" aria-errormessage=\"wpforms-433-field_2-error\" required><\/div>\t\t<div id=\"wpforms-433-field_6-container\"\n\t\t\tclass=\"wpforms-field wpforms-field-text\"\n\t\t\tdata-field-type=\"text\"\n\t\t\tdata-field-id=\"6\"\n\t\t\t>\n\t\t\t<label class=\"wpforms-field-label\" for=\"wpforms-433-field_6\" >Adresse Pr\u00e9nom Message<\/label>\n\t\t\t<input type=\"text\" id=\"wpforms-433-field_6\" class=\"wpforms-field-medium\" name=\"wpforms[fields][6]\" >\n\t\t<\/div>\n\t\t<div id=\"wpforms-433-field_5-container\" class=\"wpforms-field wpforms-field-number\" data-field-id=\"5\"><label class=\"wpforms-field-label\" for=\"wpforms-433-field_5\">T\u00e9l\u00e9phone <span class=\"wpforms-required-label\" aria-hidden=\"true\">*<\/span><\/label><input type=\"number\" id=\"wpforms-433-field_5\" class=\"wpforms-field-medium wpforms-field-required\" name=\"wpforms[fields][5]\" step=\"any\" aria-errormessage=\"wpforms-433-field_5-error\" required><\/div><div id=\"wpforms-433-field_4-container\" class=\"wpforms-field wpforms-field-text\" data-field-id=\"4\"><label class=\"wpforms-field-label\" for=\"wpforms-433-field_4\">Adresse  <span class=\"wpforms-required-label\" aria-hidden=\"true\">*<\/span><\/label><input type=\"text\" id=\"wpforms-433-field_4\" class=\"wpforms-field-medium wpforms-field-required\" name=\"wpforms[fields][4]\" aria-errormessage=\"wpforms-433-field_4-error\" required><\/div><div id=\"wpforms-433-field_3-container\" class=\"wpforms-field wpforms-field-textarea\" data-field-id=\"3\"><label class=\"wpforms-field-label\" for=\"wpforms-433-field_3\">Message <span class=\"wpforms-required-label\" aria-hidden=\"true\">*<\/span><\/label><textarea id=\"wpforms-433-field_3\" class=\"wpforms-field-medium wpforms-field-required\" name=\"wpforms[fields][3]\" aria-errormessage=\"wpforms-433-field_3-error\" required><\/textarea><\/div><script>\n\t\t\t\t( function() {\n\t\t\t\t\tconst style = document.createElement( 'style' );\n\t\t\t\t\tstyle.appendChild( document.createTextNode( '#wpforms-433-field_6-container { position: absolute !important; overflow: hidden !important; display: inline !important; height: 1px !important; width: 1px !important; z-index: -1000 !important; padding: 0 !important; } #wpforms-433-field_6-container input { visibility: hidden; } #wpforms-conversational-form-page #wpforms-433-field_6-container label { counter-increment: none; }' ) );\n\t\t\t\t\tdocument.head.appendChild( style );\n\t\t\t\t\tdocument.currentScript?.remove();\n\t\t\t\t} )();\n\t\t\t<\/script><\/div><!-- .wpforms-field-container --><div class=\"wpforms-submit-container\" ><input type=\"hidden\" name=\"wpforms[id]\" value=\"433\"><input type=\"hidden\" name=\"page_title\" value=\"\"><input type=\"hidden\" name=\"page_url\" value=\"https:\/\/drdemblon.com\/index.php\/wp-json\/wp\/v2\/pages\/245\"><input type=\"hidden\" name=\"url_referer\" value=\"\"><button type=\"submit\" name=\"wpforms[submit]\" id=\"wpforms-submit-433\" class=\"wpforms-submit\" data-alt-text=\"Envoyer\" data-submit-text=\"Envoyer\" aria-live=\"assertive\" value=\"wpforms-submit\">Envoyer<\/button><img loading=\"lazy\" decoding=\"async\" src=\"https:\/\/drdemblon.com\/wp-content\/plugins\/wpforms-lite\/assets\/images\/submit-spin.svg\" class=\"wpforms-submit-spinner\" style=\"display: none;\" width=\"26\" height=\"26\" alt=\"Loading\"><\/div><\/form><\/div>  <!-- .wpforms-container --><\/div><\/div><\/div><\/div><div id=\"pg-gb245-69e0fd57077d0-3\"  class=\"panel-grid panel-has-style\" ><div class=\"siteorigin-panels-stretch panel-row-style panel-row-style-for-gb245-69e0fd57077d0-3\" data-stretch-type=\"full\" ><div id=\"pgc-gb245-69e0fd57077d0-3-0\"  class=\"panel-grid-cell\" ><div id=\"panel-gb245-69e0fd57077d0-3-0-0\" class=\"so-panel widget widget_sow-features panel-first-child panel-last-child\" data-index=\"6\" ><div class=\"panel-widget-style panel-widget-style-for-gb245-69e0fd57077d0-3-0-0\" ><div\n\t\t\t\n\t\t\tclass=\"so-widget-sow-features so-widget-sow-features-default-44cf0908bc42-245\"\n\t\t\t\n\t\t><ul\n\tclass=\"sow-features-list\n\tsow-features-responsive\">\n\n\t\t\t<li\n\t\t\tclass=\"sow-features-feature sow-icon-container-position-top\"\n\t\t\tstyle=\"display: flex; flex-direction: column; width: calc(33.333% - 25px);\"\n\t\t>\n\t\t\t\n\t\t\t\t\t\t<div\t\t\t\tclass=\"sow-icon-container sow-container-round\"\n\t\t\t\tstyle=\"color: #8b8589; \"\n\t\t\t\t\n\t\t\t\t\t\t\t>\n\t\t\t\t<span class=\"sow-icon-icomoon\" data-sow-icon=\"&#xe923;\"\n\t\tstyle=\"font-size: 32px; color: #404040\" \n\t\taria-hidden=\"true\"><\/span>\t\t\t<\/div>\n\n\t\t\t<div class=\"textwidget\">\n\t\t\t\t\n\t\t\t\t\t\t\t\t\t<h4 class=\"sow-features-feature-title\">\n\t\t\t\t\t\tAccr\u00e9ditations\t\t\t\t\t<\/h4>\n\t\t\t\t\n\t\t\t\t\t\t\t\t\t<div class=\"sow-features-feature-text\">\n\t\t\t\t\t<p style=\"text-align: left\">Je suis inscrite \u00e0 la commission des psychologues de Belgique (n\u00b0872210617), d\u00e9tentrice du visa de psychologue clinicien du SPF sant\u00e9 publique (n\u00b0474209) et de l\u2019agr\u00e9ment de psychologue clinicien de la FWB.<\/p>\n\t\t\t\t\t<\/div>\n\t\t\t\t\t\t\t\t<\/div>\n\t\t\t\t\t\t\t\t<\/li>\n\n\t\t\t<li\n\t\t\tclass=\"sow-features-feature sow-icon-container-position-top\"\n\t\t\tstyle=\"display: flex; flex-direction: column; width: calc(33.333% - 25px);\"\n\t\t>\n\t\t\t\n\t\t\t\t\t\t<div\t\t\t\tclass=\"sow-icon-container sow-container-round\"\n\t\t\t\tstyle=\"color: #8b8589; \"\n\t\t\t\t\n\t\t\t\t\t\t\t>\n\t\t\t\t<span class=\"sow-icon-icomoon\" data-sow-icon=\"&#xe93f;\"\n\t\tstyle=\"font-size: 32px; color: #404040\" \n\t\taria-hidden=\"true\"><\/span>\t\t\t<\/div>\n\n\t\t\t<div class=\"textwidget\">\n\t\t\t\t\n\t\t\t\t\t\t\t\t\t<h4 class=\"sow-features-feature-title\">\n\t\t\t\t\t\tTarif &amp; remboursement\t\t\t\t\t<\/h4>\n\t\t\t\t\n\t\t\t\t\t\t\t\t\t<div class=\"sow-features-feature-text\">\n\t\t\t\t\t<p style=\"text-align: left\">65 euros pour 50 minutes.<br \/>\nVotre mutuelle intervient dans le remboursement de vos frais de soins psychologiques.<br \/>\nPour conna\u00eetre le montant de ce remboursement, rendez-vous sur le site de votre mutuelle ou prenez contact avec eux par t\u00e9l\u00e9phone.<\/p>\n\t\t\t\t\t<\/div>\n\t\t\t\t\t\t\t\t<\/div>\n\t\t\t\t\t\t\t\t<\/li>\n\n\t\t\t<li\n\t\t\tclass=\"sow-features-feature sow-icon-container-position-top\"\n\t\t\tstyle=\"display: flex; flex-direction: column; width: calc(33.333% - 25px);\"\n\t\t>\n\t\t\t\n\t\t\t\t\t\t<div\t\t\t\tclass=\"sow-icon-container sow-container-round\"\n\t\t\t\tstyle=\"color: #8b8589; \"\n\t\t\t\t\n\t\t\t\t\t\t\t>\n\t\t\t\t<span class=\"sow-icon-icomoon\" data-sow-icon=\"&#xe947;\"\n\t\tstyle=\"font-size: 32px; color: #404040\" \n\t\taria-hidden=\"true\"><\/span>\t\t\t<\/div>\n\n\t\t\t<div class=\"textwidget\">\n\t\t\t\t\n\t\t\t\t\t\t\t\t\t<h4 class=\"sow-features-feature-title\">\n\t\t\t\t\t\tAdresse\t\t\t\t\t<\/h4>\n\t\t\t\t\n\t\t\t\t\t\t\t\t\t<div class=\"sow-features-feature-text\">\n\t\t\t\t\t<p>Centre Apsyl<br \/>\nRue de Remouchamps 34 bte D<br \/>\n4141 Sprimont (Louveign\u00e9)<br \/>\n<em>(Acc\u00e8s ais\u00e9 via l\u2019autoroute E25)<br \/>\n<\/em>E-Mail : <a href=\"mailto:info@drdemblon.com\">info@drdemblon.com<\/a><br \/>\nGSM : 0493 74 89 99<\/p>\n\t\t\t\t\t<\/div>\n\t\t\t\t\t\t\t\t<\/div>\n\t\t\t\t\t\t\t\t<\/li>\n\n\t<\/ul>\n<\/div><\/div><\/div><\/div><\/div><\/div><\/div>","protected":false},"excerpt":{"rendered":"<p>Dr Julie Demblon Je suis psychologue clinicienne et docteur en sciences psychologiques. Avec \u00e9coute et empathie, je vous re\u00e7ois en consultation \u00e0 mon cabinet de Louveign\u00e9 situ\u00e9 au Centre Apsyl. Nous travaillerons ensemble \u00e0 diminuer votre souffrance v\u00e9cue, \u00e0 faire face aux difficult\u00e9s et \u00e0 am\u00e9liorer votre bien-\u00eatre au quotidien. Psychologue Clinicienne Mes m\u00e9thodes d\u2019actions&hellip;&nbsp;<a href=\"https:\/\/drdemblon.com\/\" rel=\"bookmark\"><span class=\"screen-reader-text\">Accueil<\/span><\/a><\/p>\n","protected":false},"author":1,"featured_media":650,"parent":0,"menu_order":0,"comment_status":"closed","ping_status":"closed","template":"","meta":{"neve_meta_sidebar":"","neve_meta_container":"","neve_meta_enable_content_width":"","neve_meta_content_width":0,"neve_meta_title_alignment":"","neve_meta_author_avatar":"","neve_post_elements_order":"","neve_meta_disable_header":"","neve_meta_disable_footer":"","neve_meta_disable_title":"","footnotes":""},"class_list":["post-245","page","type-page","status-publish","has-post-thumbnail","hentry"],"yoast_head":"<!-- This site is optimized with the Yoast SEO plugin v27.4 - https:\/\/yoast.com\/product\/yoast-seo-wordpress\/ -->\n<title>Psychologue Clinicienne - Dr Julie Demblon<\/title>\n<meta name=\"description\" content=\"Je suis psychologue clinicienne et docteur en sciences psychologiques. Avec \u00e9coute et empathie, je vous re\u00e7ois en consultation \u00e0 mon cabinet de Louveign\u00e9\" \/>\n<meta name=\"robots\" content=\"index, follow, max-snippet:-1, max-image-preview:large, max-video-preview:-1\" \/>\n<link rel=\"canonical\" href=\"https:\/\/drdemblon.com\/\" \/>\n<meta property=\"og:locale\" content=\"en_US\" \/>\n<meta property=\"og:type\" content=\"article\" \/>\n<meta property=\"og:title\" content=\"Psychologue Clinicienne - Dr Julie Demblon\" \/>\n<meta property=\"og:description\" content=\"Je suis psychologue clinicienne et docteur en sciences psychologiques. Avec \u00e9coute et empathie, je vous re\u00e7ois en consultation \u00e0 mon cabinet de Louveign\u00e9\" \/>\n<meta property=\"og:url\" content=\"https:\/\/drdemblon.com\/\" \/>\n<meta property=\"og:site_name\" content=\"Dr Julie Demblon\" \/>\n<meta property=\"article:modified_time\" content=\"2026-01-18T07:44:37+00:00\" \/>\n<meta property=\"og:image\" content=\"http:\/\/drdemblon.com\/wp-content\/uploads\/2025\/11\/illu_og_image.png\" \/>\n\t<meta property=\"og:image:width\" content=\"450\" \/>\n\t<meta property=\"og:image:height\" content=\"253\" \/>\n\t<meta property=\"og:image:type\" content=\"image\/png\" \/>\n<meta name=\"twitter:card\" content=\"summary_large_image\" \/>\n<meta name=\"twitter:label1\" content=\"Est. reading time\" \/>\n\t<meta name=\"twitter:data1\" content=\"2 minutes\" \/>\n<script type=\"application\/ld+json\" class=\"yoast-schema-graph\">{\"@context\":\"https:\\\/\\\/schema.org\",\"@graph\":[{\"@type\":[\"WebPage\",\"MedicalWebPage\"],\"@id\":\"https:\\\/\\\/drdemblon.com\\\/\",\"url\":\"https:\\\/\\\/drdemblon.com\\\/\",\"name\":\"Psychologue Clinicienne - Dr Julie Demblon\",\"isPartOf\":{\"@id\":\"https:\\\/\\\/drdemblon.com\\\/#website\"},\"primaryImageOfPage\":{\"@id\":\"https:\\\/\\\/drdemblon.com\\\/#primaryimage\"},\"image\":{\"@id\":\"https:\\\/\\\/drdemblon.com\\\/#primaryimage\"},\"thumbnailUrl\":\"https:\\\/\\\/drdemblon.com\\\/wp-content\\\/uploads\\\/2025\\\/11\\\/illu_og_image.png\",\"datePublished\":\"2025-11-02T20:32:00+00:00\",\"dateModified\":\"2026-01-18T07:44:37+00:00\",\"description\":\"Je suis psychologue clinicienne et docteur en sciences psychologiques. Avec \u00e9coute et empathie, je vous re\u00e7ois en consultation \u00e0 mon cabinet de Louveign\u00e9\",\"breadcrumb\":{\"@id\":\"https:\\\/\\\/drdemblon.com\\\/#breadcrumb\"},\"inLanguage\":\"en-US\",\"potentialAction\":[{\"@type\":\"ReadAction\",\"target\":[\"https:\\\/\\\/drdemblon.com\\\/\"]}]},{\"@type\":\"ImageObject\",\"inLanguage\":\"en-US\",\"@id\":\"https:\\\/\\\/drdemblon.com\\\/#primaryimage\",\"url\":\"https:\\\/\\\/drdemblon.com\\\/wp-content\\\/uploads\\\/2025\\\/11\\\/illu_og_image.png\",\"contentUrl\":\"https:\\\/\\\/drdemblon.com\\\/wp-content\\\/uploads\\\/2025\\\/11\\\/illu_og_image.png\",\"width\":450,\"height\":253},{\"@type\":\"BreadcrumbList\",\"@id\":\"https:\\\/\\\/drdemblon.com\\\/#breadcrumb\",\"itemListElement\":[{\"@type\":\"ListItem\",\"position\":1,\"name\":\"Home\",\"item\":\"https:\\\/\\\/drdemblon.com\\\/\"},{\"@type\":\"ListItem\",\"position\":2,\"name\":\"Accueil\"}]},{\"@type\":\"WebSite\",\"@id\":\"https:\\\/\\\/drdemblon.com\\\/#website\",\"url\":\"https:\\\/\\\/drdemblon.com\\\/\",\"name\":\"Dr Julie Demblon\",\"description\":\"Psychologue Clinicienne\",\"publisher\":{\"@id\":\"https:\\\/\\\/drdemblon.com\\\/#\\\/schema\\\/person\\\/a4362ec638c9d6fe4b7276d0a08e1b37\"},\"potentialAction\":[{\"@type\":\"SearchAction\",\"target\":{\"@type\":\"EntryPoint\",\"urlTemplate\":\"https:\\\/\\\/drdemblon.com\\\/?s={search_term_string}\"},\"query-input\":{\"@type\":\"PropertyValueSpecification\",\"valueRequired\":true,\"valueName\":\"search_term_string\"}}],\"inLanguage\":\"en-US\"},{\"@type\":[\"Person\",\"Organization\"],\"@id\":\"https:\\\/\\\/drdemblon.com\\\/#\\\/schema\\\/person\\\/a4362ec638c9d6fe4b7276d0a08e1b37\",\"name\":\"jdemblon\",\"image\":{\"@type\":\"ImageObject\",\"inLanguage\":\"en-US\",\"@id\":\"https:\\\/\\\/drdemblon.com\\\/wp-content\\\/uploads\\\/2025\\\/11\\\/DrJulieDemblonLogo_blanc.png\",\"url\":\"https:\\\/\\\/drdemblon.com\\\/wp-content\\\/uploads\\\/2025\\\/11\\\/DrJulieDemblonLogo_blanc.png\",\"contentUrl\":\"https:\\\/\\\/drdemblon.com\\\/wp-content\\\/uploads\\\/2025\\\/11\\\/DrJulieDemblonLogo_blanc.png\",\"width\":420,\"height\":141,\"caption\":\"jdemblon\"},\"logo\":{\"@id\":\"https:\\\/\\\/drdemblon.com\\\/wp-content\\\/uploads\\\/2025\\\/11\\\/DrJulieDemblonLogo_blanc.png\"},\"sameAs\":[\"https:\\\/\\\/www.linkedin.com\\\/in\\\/julie-demblon-7148293b\\\/\"]}]}<\/script>\n<!-- \/ Yoast SEO plugin. -->","yoast_head_json":{"title":"Psychologue Clinicienne - Dr Julie Demblon","description":"Je suis psychologue clinicienne et docteur en sciences psychologiques. Avec \u00e9coute et empathie, je vous re\u00e7ois en consultation \u00e0 mon cabinet de Louveign\u00e9","robots":{"index":"index","follow":"follow","max-snippet":"max-snippet:-1","max-image-preview":"max-image-preview:large","max-video-preview":"max-video-preview:-1"},"canonical":"https:\/\/drdemblon.com\/","og_locale":"en_US","og_type":"article","og_title":"Psychologue Clinicienne - Dr Julie Demblon","og_description":"Je suis psychologue clinicienne et docteur en sciences psychologiques. Avec \u00e9coute et empathie, je vous re\u00e7ois en consultation \u00e0 mon cabinet de Louveign\u00e9","og_url":"https:\/\/drdemblon.com\/","og_site_name":"Dr Julie Demblon","article_modified_time":"2026-01-18T07:44:37+00:00","og_image":[{"width":450,"height":253,"url":"http:\/\/drdemblon.com\/wp-content\/uploads\/2025\/11\/illu_og_image.png","type":"image\/png"}],"twitter_card":"summary_large_image","twitter_misc":{"Est. reading time":"2 minutes"},"schema":{"@context":"https:\/\/schema.org","@graph":[{"@type":["WebPage","MedicalWebPage"],"@id":"https:\/\/drdemblon.com\/","url":"https:\/\/drdemblon.com\/","name":"Psychologue Clinicienne - Dr Julie Demblon","isPartOf":{"@id":"https:\/\/drdemblon.com\/#website"},"primaryImageOfPage":{"@id":"https:\/\/drdemblon.com\/#primaryimage"},"image":{"@id":"https:\/\/drdemblon.com\/#primaryimage"},"thumbnailUrl":"https:\/\/drdemblon.com\/wp-content\/uploads\/2025\/11\/illu_og_image.png","datePublished":"2025-11-02T20:32:00+00:00","dateModified":"2026-01-18T07:44:37+00:00","description":"Je suis psychologue clinicienne et docteur en sciences psychologiques. Avec \u00e9coute et empathie, je vous re\u00e7ois en consultation \u00e0 mon cabinet de Louveign\u00e9","breadcrumb":{"@id":"https:\/\/drdemblon.com\/#breadcrumb"},"inLanguage":"en-US","potentialAction":[{"@type":"ReadAction","target":["https:\/\/drdemblon.com\/"]}]},{"@type":"ImageObject","inLanguage":"en-US","@id":"https:\/\/drdemblon.com\/#primaryimage","url":"https:\/\/drdemblon.com\/wp-content\/uploads\/2025\/11\/illu_og_image.png","contentUrl":"https:\/\/drdemblon.com\/wp-content\/uploads\/2025\/11\/illu_og_image.png","width":450,"height":253},{"@type":"BreadcrumbList","@id":"https:\/\/drdemblon.com\/#breadcrumb","itemListElement":[{"@type":"ListItem","position":1,"name":"Home","item":"https:\/\/drdemblon.com\/"},{"@type":"ListItem","position":2,"name":"Accueil"}]},{"@type":"WebSite","@id":"https:\/\/drdemblon.com\/#website","url":"https:\/\/drdemblon.com\/","name":"Dr Julie Demblon","description":"Psychologue Clinicienne","publisher":{"@id":"https:\/\/drdemblon.com\/#\/schema\/person\/a4362ec638c9d6fe4b7276d0a08e1b37"},"potentialAction":[{"@type":"SearchAction","target":{"@type":"EntryPoint","urlTemplate":"https:\/\/drdemblon.com\/?s={search_term_string}"},"query-input":{"@type":"PropertyValueSpecification","valueRequired":true,"valueName":"search_term_string"}}],"inLanguage":"en-US"},{"@type":["Person","Organization"],"@id":"https:\/\/drdemblon.com\/#\/schema\/person\/a4362ec638c9d6fe4b7276d0a08e1b37","name":"jdemblon","image":{"@type":"ImageObject","inLanguage":"en-US","@id":"https:\/\/drdemblon.com\/wp-content\/uploads\/2025\/11\/DrJulieDemblonLogo_blanc.png","url":"https:\/\/drdemblon.com\/wp-content\/uploads\/2025\/11\/DrJulieDemblonLogo_blanc.png","contentUrl":"https:\/\/drdemblon.com\/wp-content\/uploads\/2025\/11\/DrJulieDemblonLogo_blanc.png","width":420,"height":141,"caption":"jdemblon"},"logo":{"@id":"https:\/\/drdemblon.com\/wp-content\/uploads\/2025\/11\/DrJulieDemblonLogo_blanc.png"},"sameAs":["https:\/\/www.linkedin.com\/in\/julie-demblon-7148293b\/"]}]}},"_links":{"self":[{"href":"https:\/\/drdemblon.com\/index.php\/wp-json\/wp\/v2\/pages\/245","targetHints":{"allow":["GET"]}}],"collection":[{"href":"https:\/\/drdemblon.com\/index.php\/wp-json\/wp\/v2\/pages"}],"about":[{"href":"https:\/\/drdemblon.com\/index.php\/wp-json\/wp\/v2\/types\/page"}],"author":[{"embeddable":true,"href":"https:\/\/drdemblon.com\/index.php\/wp-json\/wp\/v2\/users\/1"}],"replies":[{"embeddable":true,"href":"https:\/\/drdemblon.com\/index.php\/wp-json\/wp\/v2\/comments?post=245"}],"version-history":[{"count":188,"href":"https:\/\/drdemblon.com\/index.php\/wp-json\/wp\/v2\/pages\/245\/revisions"}],"predecessor-version":[{"id":666,"href":"https:\/\/drdemblon.com\/index.php\/wp-json\/wp\/v2\/pages\/245\/revisions\/666"}],"wp:featuredmedia":[{"embeddable":true,"href":"https:\/\/drdemblon.com\/index.php\/wp-json\/wp\/v2\/media\/650"}],"wp:attachment":[{"href":"https:\/\/drdemblon.com\/index.php\/wp-json\/wp\/v2\/media?parent=245"}],"curies":[{"name":"wp","href":"https:\/\/api.w.org\/{rel}","templated":true}]}}